{"id":33095,"date":"2025-06-14T14:12:08","date_gmt":"2025-06-14T14:12:08","guid":{"rendered":"https:\/\/neura-electronics.com\/impressum\/"},"modified":"2026-02-05T13:33:03","modified_gmt":"2026-02-05T13:33:03","slug":"impressum","status":"publish","type":"page","link":"https:\/\/neura-electronics.com\/de\/impressum\/","title":{"rendered":"Impressum"},"content":{"rendered":"\t\t<div data-elementor-type=\"wp-page\" data-elementor-id=\"33095\" class=\"elementor elementor-33095\" data-elementor-post-type=\"page\">\n\t\t\t\t<div data-particle_enable=\"false\" data-particle-mobile-disabled=\"false\" class=\"elementor-element elementor-element-17bac50 e-flex e-con-boxed e-con e-parent\" data-id=\"17bac50\" data-element_type=\"container\">\n\t\t\t\t\t<div class=\"e-con-inner\">\n\t\t\t\t<div class=\"elementor-element elementor-element-82bbae3 elementor-widget elementor-widget-text-editor\" data-id=\"82bbae3\" data-element_type=\"widget\" data-widget_type=\"text-editor.default\">\n\t\t\t\t<div class=\"elementor-widget-container\">\n\t\t\t\t\t\t\t\t\t<h5><span style=\"color: #333333;\"><strong>Rechtliche Offenlegung<\/strong><\/span><\/h5>\n<p><span style=\"color: #333333;\"><strong><br>Informationen nach \u00a7 5 DDG<\/strong><\/span><\/p>\n<p><span style=\"color: #333333;\">Neura Electronics GmbH<\/span><br><span style=\"color: #333333;\">Gutenbergstra\u00dfe 44<\/span><br><span style=\"color: #333333;\">72555 Metzingen<br>Deutschland<br><\/span><\/p>\n<p><span style=\"color: #333333;\">&nbsp;<\/span><\/p>\n<p><span style=\"color: #333333;\"><strong>Vertreten durch<\/strong><\/span><br><span style=\"color: #333333;\">David Reger,&nbsp;<\/span><span style=\"letter-spacing: 0.4px;\">&nbsp;<\/span><span style=\"letter-spacing: 0.4px;\">Jens Fabrowsky, Jens Arnold<\/span><\/p>\n<p><span style=\"color: #333333;\">&nbsp;<\/span><\/p>\n<p><span style=\"color: #333333;\"><strong>Kontaktinformationen<\/strong><\/span><br><span style=\"letter-spacing: 0.4px;\">Telefon: +49 (0) 7404 93990 0<\/span><br style=\"letter-spacing: 0.4px;\"><span style=\"letter-spacing: 0.4px;\">E-Mail: zentrale@neura-electronics.com<\/span><br style=\"letter-spacing: 0.4px;\"><span style=\"letter-spacing: 0.4px;\">Internet address: www.neura-electronics.com<\/span><span style=\"color: #333333;\"><\/span><\/p>\n<p><span style=\"color: #333333;\">&nbsp;<\/span><\/p>\n<p><span style=\"color: #333333;\"><strong>Registereintrag<br><\/strong>Eintrag in: Handelsregister<\/span><br><span style=\"color: #333333;\">Registernummer: HRB&nbsp;<\/span><span style=\"letter-spacing: 0.4px;\">797095<\/span><br><span style=\"color: #333333;\">Registergericht: Amtsgericht Stuttgart<\/span><\/p>\n<p><span style=\"color: #333333;\">&nbsp;<\/span><\/p>\n<p><span style=\"color: #333333;\"><strong>Umsatzsteueridentifikationsnummer<\/strong><\/span><br><span style=\"color: #333333;\">Umsatzsteuer-Identifikationsnummer gem\u00e4\u00df \u00a7 27 a Umsatzsteuergesetz (UStG)&nbsp;<\/span><\/p>\n<p><span style=\"letter-spacing: 0.4px;\">DE453970957<\/span><\/p>\n<p><span style=\"color: #333333;\">&nbsp;<\/span><\/p>\n<p><span style=\"color: #333333;\"><strong>Haftungsausschluss<\/strong><\/span><\/p>\n<p><span style=\"color: #333333;\"><strong>Verantwortlichkeit f\u00fcr den Inhalt dieser Website<\/strong><\/span><br><span style=\"color: #333333;\">Die Inhalte unserer Website wurden mit gr\u00f6\u00dfter Sorgfalt erstellt. F\u00fcr die Richtigkeit, Vollst\u00e4ndigkeit und Aktualit\u00e4t der Inhalte k\u00f6nnen wir jedoch keine Gew\u00e4hr \u00fcbernehmen. Gem\u00e4\u00df den gesetzlichen Bestimmungen sind wir dar\u00fcber hinaus f\u00fcr eigene Inhalte auf diesen Seiten verantwortlich. Wir weisen in diesem Zusammenhang darauf hin, dass wir nicht verpflichtet sind, \u00fcbermittelte oder gespeicherte Informationen Dritter zu \u00fcberwachen oder nach Umst\u00e4nden zu forschen, die auf eine rechtswidrige T\u00e4tigkeit hinweisen. Verpflichtungen zur Entfernung oder Sperrung der Nutzung von Informationen nach den allgemeinen Gesetzen bleiben nach den \u00a7\u00a7 8 bis 10 TMG hiervon unber\u00fchrt. <\/span><\/p>\n<p><span style=\"color: #333333;\">&nbsp;<\/span><\/p>\n<p><span style=\"color: #333333;\"><strong>Haftung f\u00fcr Links<br><\/strong>F\u00fcr den Inhalt externer Links (zu Webseiten Dritter) sind ausschlie\u00dflich deren Betreiber verantwortlich. Zum Zeitpunkt der Verlinkung waren f\u00fcr uns keine Verst\u00f6\u00dfe erkennbar. Bei Bekanntwerden von Rechtsverletzungen werden wir derartige Links umgehend entfernen. <\/span><\/p>\n<p><span style=\"color: #333333;\">&nbsp;<\/span><\/p>\n<p><span style=\"color: #333333;\"><strong>Copyright<br><\/strong>Unsere Webseiten und deren Inhalte unterliegen dem deutschen Urheberrecht. Jede Form der Verwertung, Vervielf\u00e4ltigung oder Bearbeitung von urheberrechtlich gesch\u00fctzten Werken auf unseren Webseiten bedarf, soweit nicht ausdr\u00fccklich gesetzlich gestattet, der vorherigen Zustimmung des jeweiligen Rechteinhabers. Einzelne Vervielf\u00e4ltigungen eines Werkes sind nur f\u00fcr den privaten Gebrauch erlaubt. Das Material auf diesen Seiten ist urheberrechtlich gesch\u00fctzt, und jede nicht genehmigte Verwendung kann gegen das Urheberrecht versto\u00dfen. <\/span><\/p>\n<p><span style=\"color: #333333;\">&nbsp;<\/span><\/p>\n<p><strong><span style=\"color: #333333;\">Allgemeine Lieferbedingungen:<\/span><\/strong><span style=\"color: #000000;\"><br><a style=\"color: #000000;\" href=\"https:\/\/neurarobotics.px.media\/plk\/NEURA_Partner_Terms_and_Conditions_English.pdf\"><span style=\"color: #003366;\">Global (English)<\/span><\/a><\/span><br><a href=\"https:\/\/neurarobotics.px.media\/plk\/NEURA_Partner_Terms_and_Conditions_German.pdf\"><span style=\"color: #000000;\"><span style=\"color: #000080;\"><span style=\"color: #003366;\">Global (German)<\/span><\/span><\/span><\/a><\/p>\n<p><strong><span style=\"color: #333333;\"><span style=\"color: #000000;\">Allgemeine Einkaufsbedingungen:<br><\/span><\/span><\/strong><a href=\"https:\/\/neurarobotics.px.media\/plk\/R5\/Terms%20and%20Conditions%20or%20Purchase%20v.%20012025.pdf\"><span style=\"color: #333333;\"><span style=\"color: #000000;\"><span style=\"color: #003366;\">Global (German &amp; English)<\/span><\/span><\/span><\/a><\/p>\n<p><strong><span style=\"color: #333333;\">Allgemeine Versand und Verpackungsvorschriften:<\/span><\/strong><span style=\"color: #000000;\"><br><a style=\"color: #000000;\" href=\"https:\/\/neurarobotics.px.media\/plk\/m8\/NEURA_Shipping_Packaging_Instructions_032025.pdf\" target=\"_blank\" rel=\"noopener\"><span style=\"color: #003366;\">Global (German &amp; English)<\/span><\/a><\/span><\/p>\n<p><strong><span style=\"color: #333333;\">Erg\u00e4nzungsvorschrift \u00dcberseetransport:<\/span><\/strong><span style=\"color: #000000;\"><br><a style=\"color: #000000;\" href=\"https:\/\/neurarobotics.px.media\/plk\/fB\/Supplementary%20instructions%20for%20overseas%20transportation.pdf\" target=\"_blank\" rel=\"noopener\"><span style=\"color: #003366;\">Global (German &amp; English)<\/span><\/a><\/span><\/p>\n<p><strong><span style=\"color: #333333;\">Teilekennzeichnungsnorm f\u00fcr PCB, Kabel und mechanische Teile:<\/span><\/strong><span style=\"color: #000000;\"><br><a style=\"color: #000000;\" href=\"https:\/\/neurarobotics.px.media\/plk\/dV\/ComponentMarkingRegulations.pdf\" target=\"_blank\" rel=\"noopener\"><span style=\"color: #003366;\">Global (German &amp; English)<\/span><\/a><\/span><\/p>\t\t\t\t\t\t\t\t<\/div>\n\t\t\t\t<\/div>\n\t\t\t\t\t<\/div>\n\t\t\t\t<\/div>\n\t\t\t\t<\/div>\n\t\t","protected":false},"excerpt":{"rendered":"<p>Rechtliche Offenlegung Informationen nach \u00a7 5 DDG Neura Electronics GmbHGutenbergstra\u00dfe 4472555 MetzingenDeutschland &nbsp; Vertreten durchDavid Reger,&nbsp;&nbsp;Jens Fabrowsky, Jens Arnold &nbsp; [&hellip;]<\/p>\n","protected":false},"author":1,"featured_media":0,"parent":0,"menu_order":0,"comment_status":"closed","ping_status":"closed","template":"","meta":{"site-sidebar-layout":"no-sidebar","site-content-layout":"","ast-site-content-layout":"full-width-container","site-content-style":"default","site-sidebar-style":"default","ast-global-header-display":"","ast-banner-title-visibility":"","ast-main-header-display":"","ast-hfb-above-header-display":"","ast-hfb-below-header-display":"","ast-hfb-mobile-header-display":"","site-post-title":"disabled","ast-breadcrumbs-content":"","ast-featured-img":"disabled","footer-sml-layout":"","theme-transparent-header-meta":"","adv-header-id-meta":"","stick-header-meta":"","header-above-stick-meta":"","header-main-stick-meta":"","header-below-stick-meta":"","astra-migrate-meta-layouts":"default","ast-page-background-enabled":"default","ast-page-background-meta":{"desktop":{"background-color":"var(--ast-global-color-5)","background-image":"","background-repeat":"repeat","background-position":"center center","background-size":"auto","background-attachment":"scroll","background-type":"","background-media":"","overlay-type":"","overlay-color":"","overlay-opacity":"","overlay-gradient":""},"tablet":{"background-color":"","background-image":"","background-repeat":"repeat","background-position":"center center","background-size":"auto","background-attachment":"scroll","background-type":"","background-media":"","overlay-type":"","overlay-color":"","overlay-opacity":"","overlay-gradient":""},"mobile":{"background-color":"","background-image":"","background-repeat":"repeat","background-position":"center center","background-size":"auto","background-attachment":"scroll","background-type":"","background-media":"","overlay-type":"","overlay-color":"","overlay-opacity":"","overlay-gradient":""}},"ast-content-background-meta":{"desktop":{"background-color":"var(--ast-global-color-4)","background-image":"","background-repeat":"repeat","background-position":"center center","background-size":"auto","background-attachment":"scroll","background-type":"","background-media":"","overlay-type":"","overlay-color":"","overlay-opacity":"","overlay-gradient":""},"tablet":{"background-color":"var(--ast-global-color-4)","background-image":"","background-repeat":"repeat","background-position":"center center","background-size":"auto","background-attachment":"scroll","background-type":"","background-media":"","overlay-type":"","overlay-color":"","overlay-opacity":"","overlay-gradient":""},"mobile":{"background-color":"var(--ast-global-color-4)","background-image":"","background-repeat":"repeat","background-position":"center center","background-size":"auto","background-attachment":"scroll","background-type":"","background-media":"","overlay-type":"","overlay-color":"","overlay-opacity":"","overlay-gradient":""}},"footnotes":""},"class_list":["post-33095","page","type-page","status-publish","hentry"],"yoast_head":"<!-- This site is optimized with the Yoast SEO plugin v26.0 - https:\/\/yoast.com\/wordpress\/plugins\/seo\/ -->\n<title>Impressum | NEURA Electronics<\/title>\n<meta name=\"description\" content=\"Impressum von NEURA Electronics | Rechtliche Hinweise, Kontaktinformationen und unseren Haftungsausschluss auf einen Blick\" \/>\n<meta name=\"robots\" content=\"index, follow, max-snippet:-1, max-image-preview:large, max-video-preview:-1\" \/>\n<link rel=\"canonical\" href=\"https:\/\/neura-electronics.com\/de\/impressum\/\" \/>\n<meta property=\"og:locale\" content=\"de_DE\" \/>\n<meta property=\"og:type\" content=\"article\" \/>\n<meta property=\"og:title\" content=\"Impressum | NEURA Electronics\" \/>\n<meta property=\"og:description\" content=\"Impressum von NEURA Electronics | Rechtliche Hinweise, Kontaktinformationen und unseren Haftungsausschluss auf einen Blick\" \/>\n<meta property=\"og:url\" content=\"https:\/\/neura-electronics.com\/de\/impressum\/\" \/>\n<meta property=\"og:site_name\" content=\"Neura Electronics\" \/>\n<meta property=\"article:modified_time\" content=\"2026-02-05T13:33:03+00:00\" \/>\n<meta name=\"twitter:card\" content=\"summary_large_image\" \/>\n<meta name=\"twitter:label1\" content=\"Gesch\u00e4tzte Lesezeit\" \/>\n\t<meta name=\"twitter:data1\" content=\"2\u00a0Minuten\" \/>\n<script type=\"application\/ld+json\" class=\"yoast-schema-graph\">{\"@context\":\"https:\/\/schema.org\",\"@graph\":[{\"@type\":\"WebPage\",\"@id\":\"https:\/\/neura-electronics.com\/de\/impressum\/\",\"url\":\"https:\/\/neura-electronics.com\/de\/impressum\/\",\"name\":\"Impressum | NEURA Electronics\",\"isPartOf\":{\"@id\":\"https:\/\/neura-electronics.com\/#website\"},\"datePublished\":\"2025-06-14T14:12:08+00:00\",\"dateModified\":\"2026-02-05T13:33:03+00:00\",\"description\":\"Impressum von NEURA Electronics | Rechtliche Hinweise, Kontaktinformationen und unseren Haftungsausschluss auf einen Blick\",\"breadcrumb\":{\"@id\":\"https:\/\/neura-electronics.com\/de\/impressum\/#breadcrumb\"},\"inLanguage\":\"de\",\"potentialAction\":[{\"@type\":\"ReadAction\",\"target\":[\"https:\/\/neura-electronics.com\/de\/impressum\/\"]}]},{\"@type\":\"BreadcrumbList\",\"@id\":\"https:\/\/neura-electronics.com\/de\/impressum\/#breadcrumb\",\"itemListElement\":[{\"@type\":\"ListItem\",\"position\":1,\"name\":\"Home\",\"item\":\"https:\/\/neura-electronics.com\/\"},{\"@type\":\"ListItem\",\"position\":2,\"name\":\"Impressum\"}]},{\"@type\":\"WebSite\",\"@id\":\"https:\/\/neura-electronics.com\/#website\",\"url\":\"https:\/\/neura-electronics.com\/\",\"name\":\"Neura Electronics\",\"description\":\"\",\"publisher\":{\"@id\":\"https:\/\/neura-electronics.com\/#organization\"},\"potentialAction\":[{\"@type\":\"SearchAction\",\"target\":{\"@type\":\"EntryPoint\",\"urlTemplate\":\"https:\/\/neura-electronics.com\/?s={search_term_string}\"},\"query-input\":{\"@type\":\"PropertyValueSpecification\",\"valueRequired\":true,\"valueName\":\"search_term_string\"}}],\"inLanguage\":\"de\"},{\"@type\":\"Organization\",\"@id\":\"https:\/\/neura-electronics.com\/#organization\",\"name\":\"Neura Electronics\",\"url\":\"https:\/\/neura-electronics.com\/\",\"logo\":{\"@type\":\"ImageObject\",\"inLanguage\":\"de\",\"@id\":\"https:\/\/neura-electronics.com\/#\/schema\/logo\/image\/\",\"url\":\"https:\/\/neura-electronics.com\/wp-content\/uploads\/2025\/07\/NEURA-Electronics-white.png\",\"contentUrl\":\"https:\/\/neura-electronics.com\/wp-content\/uploads\/2025\/07\/NEURA-Electronics-white.png\",\"width\":1282,\"height\":239,\"caption\":\"Neura Electronics\"},\"image\":{\"@id\":\"https:\/\/neura-electronics.com\/#\/schema\/logo\/image\/\"}}]}<\/script>\n<!-- \/ Yoast SEO plugin. -->","yoast_head_json":{"title":"Impressum | NEURA Electronics","description":"Impressum von NEURA Electronics | Rechtliche Hinweise, Kontaktinformationen und unseren Haftungsausschluss auf einen Blick","robots":{"index":"index","follow":"follow","max-snippet":"max-snippet:-1","max-image-preview":"max-image-preview:large","max-video-preview":"max-video-preview:-1"},"canonical":"https:\/\/neura-electronics.com\/de\/impressum\/","og_locale":"de_DE","og_type":"article","og_title":"Impressum | NEURA Electronics","og_description":"Impressum von NEURA Electronics | Rechtliche Hinweise, Kontaktinformationen und unseren Haftungsausschluss auf einen Blick","og_url":"https:\/\/neura-electronics.com\/de\/impressum\/","og_site_name":"Neura Electronics","article_modified_time":"2026-02-05T13:33:03+00:00","twitter_card":"summary_large_image","twitter_misc":{"Gesch\u00e4tzte Lesezeit":"2\u00a0Minuten"},"schema":{"@context":"https:\/\/schema.org","@graph":[{"@type":"WebPage","@id":"https:\/\/neura-electronics.com\/de\/impressum\/","url":"https:\/\/neura-electronics.com\/de\/impressum\/","name":"Impressum | NEURA Electronics","isPartOf":{"@id":"https:\/\/neura-electronics.com\/#website"},"datePublished":"2025-06-14T14:12:08+00:00","dateModified":"2026-02-05T13:33:03+00:00","description":"Impressum von NEURA Electronics | Rechtliche Hinweise, Kontaktinformationen und unseren Haftungsausschluss auf einen Blick","breadcrumb":{"@id":"https:\/\/neura-electronics.com\/de\/impressum\/#breadcrumb"},"inLanguage":"de","potentialAction":[{"@type":"ReadAction","target":["https:\/\/neura-electronics.com\/de\/impressum\/"]}]},{"@type":"BreadcrumbList","@id":"https:\/\/neura-electronics.com\/de\/impressum\/#breadcrumb","itemListElement":[{"@type":"ListItem","position":1,"name":"Home","item":"https:\/\/neura-electronics.com\/"},{"@type":"ListItem","position":2,"name":"Impressum"}]},{"@type":"WebSite","@id":"https:\/\/neura-electronics.com\/#website","url":"https:\/\/neura-electronics.com\/","name":"Neura Electronics","description":"","publisher":{"@id":"https:\/\/neura-electronics.com\/#organization"},"potentialAction":[{"@type":"SearchAction","target":{"@type":"EntryPoint","urlTemplate":"https:\/\/neura-electronics.com\/?s={search_term_string}"},"query-input":{"@type":"PropertyValueSpecification","valueRequired":true,"valueName":"search_term_string"}}],"inLanguage":"de"},{"@type":"Organization","@id":"https:\/\/neura-electronics.com\/#organization","name":"Neura Electronics","url":"https:\/\/neura-electronics.com\/","logo":{"@type":"ImageObject","inLanguage":"de","@id":"https:\/\/neura-electronics.com\/#\/schema\/logo\/image\/","url":"https:\/\/neura-electronics.com\/wp-content\/uploads\/2025\/07\/NEURA-Electronics-white.png","contentUrl":"https:\/\/neura-electronics.com\/wp-content\/uploads\/2025\/07\/NEURA-Electronics-white.png","width":1282,"height":239,"caption":"Neura Electronics"},"image":{"@id":"https:\/\/neura-electronics.com\/#\/schema\/logo\/image\/"}}]}},"_links":{"self":[{"href":"https:\/\/neura-electronics.com\/de\/wp-json\/wp\/v2\/pages\/33095","targetHints":{"allow":["GET"]}}],"collection":[{"href":"https:\/\/neura-electronics.com\/de\/wp-json\/wp\/v2\/pages"}],"about":[{"href":"https:\/\/neura-electronics.com\/de\/wp-json\/wp\/v2\/types\/page"}],"author":[{"embeddable":true,"href":"https:\/\/neura-electronics.com\/de\/wp-json\/wp\/v2\/users\/1"}],"replies":[{"embeddable":true,"href":"https:\/\/neura-electronics.com\/de\/wp-json\/wp\/v2\/comments?post=33095"}],"version-history":[{"count":13,"href":"https:\/\/neura-electronics.com\/de\/wp-json\/wp\/v2\/pages\/33095\/revisions"}],"predecessor-version":[{"id":34997,"href":"https:\/\/neura-electronics.com\/de\/wp-json\/wp\/v2\/pages\/33095\/revisions\/34997"}],"wp:attachment":[{"href":"https:\/\/neura-electronics.com\/de\/wp-json\/wp\/v2\/media?parent=33095"}],"curies":[{"name":"wp","href":"https:\/\/api.w.org\/{rel}","templated":true}]}}